{"id":582,"date":"2025-09-17T10:21:57","date_gmt":"2025-09-17T07:21:57","guid":{"rendered":"https:\/\/satead.org.tr\/?page_id=582"},"modified":"2025-09-17T10:28:12","modified_gmt":"2025-09-17T07:28:12","slug":"calistaylar","status":"publish","type":"page","link":"https:\/\/satead.org.tr\/?page_id=582","title":{"rendered":"\u00c7al\u0131\u015ftaylar"},"content":{"rendered":"\n<ul><li><a href=\"https:\/\/satead.org.tr\/?page_id=573\"><strong>De\u011ferlendirici E\u011fitim \u00c7al\u0131\u015ftaylar\u0131<\/strong><\/a><\/li><li><strong><a href=\"https:\/\/satead.org.tr\/?page_id=575\">Kurum Bilgilendirme \u00c7al\u0131\u015ftaylar\u0131<\/a><\/strong><\/li><li><strong><a href=\"https:\/\/satead.org.tr\/?page_id=577\">\u00d6\u011frenci De\u011ferlendirme \u00c7al\u0131\u015ftaylar\u0131<\/a><\/strong><\/li><\/ul>\n","protected":false},"excerpt":{"rendered":"<p>De\u011ferlendirici E\u011fitim \u00c7al\u0131\u015ftaylar\u0131 Kurum Bilgilendirme \u00c7al\u0131\u015ftaylar\u0131 \u00d6\u011frenci De\u011ferlendirme \u00c7al\u0131\u015ftaylar\u0131<\/p>\n","protected":false},"author":1,"featured_media":0,"parent":0,"menu_order":0,"comment_status":"closed","ping_status":"closed","template":"","meta":[],"_links":{"self":[{"href":"https:\/\/satead.org.tr\/index.php?rest_route=\/wp\/v2\/pages\/582"}],"collection":[{"href":"https:\/\/satead.org.tr\/index.php?rest_route=\/wp\/v2\/pages"}],"about":[{"href":"https:\/\/satead.org.tr\/index.php?rest_route=\/wp\/v2\/types\/page"}],"author":[{"embeddable":true,"href":"https:\/\/satead.org.tr\/index.php?rest_route=\/wp\/v2\/users\/1"}],"replies":[{"embeddable":true,"href":"https:\/\/satead.org.tr\/index.php?rest_route=%2Fwp%2Fv2%2Fcomments&post=582"}],"version-history":[{"count":3,"href":"https:\/\/satead.org.tr\/index.php?rest_route=\/wp\/v2\/pages\/582\/revisions"}],"predecessor-version":[{"id":595,"href":"https:\/\/satead.org.tr\/index.php?rest_route=\/wp\/v2\/pages\/582\/revisions\/595"}],"wp:attachment":[{"href":"https:\/\/satead.org.tr\/index.php?rest_route=%2Fwp%2Fv2%2Fmedia&parent=582"}],"curies":[{"name":"wp","href":"https:\/\/api.w.org\/{rel}","templated":true}]}}