{"id":547,"date":"2025-09-17T09:58:00","date_gmt":"2025-09-17T06:58:00","guid":{"rendered":"https:\/\/satead.org.tr\/?page_id=547"},"modified":"2025-09-17T10:11:34","modified_gmt":"2025-09-17T07:11:34","slug":"kurullar-ve-komiteler","status":"publish","type":"page","link":"https:\/\/satead.org.tr\/?page_id=547","title":{"rendered":"Kurullar ve Komiteler"},"content":{"rendered":"\n<p><\/p>\n\n\n\n<div class=\"wp-block-file\"><object class=\"wp-block-file__embed\" data=\"https:\/\/satead.org.tr\/wp-content\/uploads\/2025\/09\/1.-SATEAD-Kurullar-ve-Komiteler.pdf\" type=\"application\/pdf\" style=\"width:100%;height:800px\" aria-label=\"Kurullar ve Komiteler g\u00f6m\u00fcs\u00fc.\"><\/object><a id=\"wp-block-file--media-01f4beb2-8ae5-46bf-9315-450a6a747419\" href=\"https:\/\/satead.org.tr\/wp-content\/uploads\/2025\/09\/1.-SATEAD-Kurullar-ve-Komiteler.pdf\">Kurullar ve Komiteler<\/a><a href=\"https:\/\/satead.org.tr\/wp-content\/uploads\/2025\/09\/1.-SATEAD-Kurullar-ve-Komiteler.pdf\" class=\"wp-block-file__button\" download aria-describedby=\"wp-block-file--media-01f4beb2-8ae5-46bf-9315-450a6a747419\">\u0130ndir<\/a><\/div>\n","protected":false},"excerpt":{"rendered":"","protected":false},"author":1,"featured_media":0,"parent":0,"menu_order":0,"comment_status":"closed","ping_status":"closed","template":"","meta":[],"_links":{"self":[{"href":"https:\/\/satead.org.tr\/index.php?rest_route=\/wp\/v2\/pages\/547"}],"collection":[{"href":"https:\/\/satead.org.tr\/index.php?rest_route=\/wp\/v2\/pages"}],"about":[{"href":"https:\/\/satead.org.tr\/index.php?rest_route=\/wp\/v2\/types\/page"}],"author":[{"embeddable":true,"href":"https:\/\/satead.org.tr\/index.php?rest_route=\/wp\/v2\/users\/1"}],"replies":[{"embeddable":true,"href":"https:\/\/satead.org.tr\/index.php?rest_route=%2Fwp%2Fv2%2Fcomments&post=547"}],"version-history":[{"count":5,"href":"https:\/\/satead.org.tr\/index.php?rest_route=\/wp\/v2\/pages\/547\/revisions"}],"predecessor-version":[{"id":561,"href":"https:\/\/satead.org.tr\/index.php?rest_route=\/wp\/v2\/pages\/547\/revisions\/561"}],"wp:attachment":[{"href":"https:\/\/satead.org.tr\/index.php?rest_route=%2Fwp%2Fv2%2Fmedia&parent=547"}],"curies":[{"name":"wp","href":"https:\/\/api.w.org\/{rel}","templated":true}]}}