{"id":481,"date":"2025-07-09T15:26:02","date_gmt":"2025-07-09T12:26:02","guid":{"rendered":"http:\/\/satead.org.tr\/?page_id=481"},"modified":"2025-09-17T10:16:40","modified_gmt":"2025-09-17T07:16:40","slug":"iktisadi-isletme","status":"publish","type":"page","link":"https:\/\/satead.org.tr\/?page_id=481","title":{"rendered":"\u0130ktisadi \u0130\u015fletme"},"content":{"rendered":"\n<div class=\"wp-block-image\"><figure class=\"aligncenter size-large\"><img loading=\"lazy\" width=\"1024\" height=\"770\" src=\"http:\/\/satead.org.tr\/wp-content\/uploads\/2025\/07\/iktisadiisletme-copy-1024x770.jpg\" alt=\"\" class=\"wp-image-483\" srcset=\"https:\/\/satead.org.tr\/wp-content\/uploads\/2025\/07\/iktisadiisletme-copy-1024x770.jpg 1024w, https:\/\/satead.org.tr\/wp-content\/uploads\/2025\/07\/iktisadiisletme-copy-300x226.jpg 300w, https:\/\/satead.org.tr\/wp-content\/uploads\/2025\/07\/iktisadiisletme-copy-768x578.jpg 768w, https:\/\/satead.org.tr\/wp-content\/uploads\/2025\/07\/iktisadiisletme-copy-1536x1155.jpg 1536w, https:\/\/satead.org.tr\/wp-content\/uploads\/2025\/07\/iktisadiisletme-copy-720x540.jpg 720w, https:\/\/satead.org.tr\/wp-content\/uploads\/2025\/07\/iktisadiisletme-copy.jpg 1621w\" sizes=\"(max-width: 1024px) 100vw, 1024px\" \/><\/figure><\/div>\n\n\n\n<div class=\"wp-block-image\"><figure class=\"aligncenter size-full\"><img loading=\"lazy\" width=\"842\" height=\"595\" src=\"https:\/\/satead.org.tr\/wp-content\/uploads\/2025\/09\/VERGI-LEVHASI.jpg\" alt=\"\" class=\"wp-image-567\" srcset=\"https:\/\/satead.org.tr\/wp-content\/uploads\/2025\/09\/VERGI-LEVHASI.jpg 842w, https:\/\/satead.org.tr\/wp-content\/uploads\/2025\/09\/VERGI-LEVHASI-300x212.jpg 300w, https:\/\/satead.org.tr\/wp-content\/uploads\/2025\/09\/VERGI-LEVHASI-768x543.jpg 768w\" sizes=\"(max-width: 842px) 100vw, 842px\" \/><\/figure><\/div>\n\n\n\n<p><\/p>\n","protected":false},"excerpt":{"rendered":"","protected":false},"author":1,"featured_media":0,"parent":0,"menu_order":0,"comment_status":"closed","ping_status":"closed","template":"","meta":[],"_links":{"self":[{"href":"https:\/\/satead.org.tr\/index.php?rest_route=\/wp\/v2\/pages\/481"}],"collection":[{"href":"https:\/\/satead.org.tr\/index.php?rest_route=\/wp\/v2\/pages"}],"about":[{"href":"https:\/\/satead.org.tr\/index.php?rest_route=\/wp\/v2\/types\/page"}],"author":[{"embeddable":true,"href":"https:\/\/satead.org.tr\/index.php?rest_route=\/wp\/v2\/users\/1"}],"replies":[{"embeddable":true,"href":"https:\/\/satead.org.tr\/index.php?rest_route=%2Fwp%2Fv2%2Fcomments&post=481"}],"version-history":[{"count":2,"href":"https:\/\/satead.org.tr\/index.php?rest_route=\/wp\/v2\/pages\/481\/revisions"}],"predecessor-version":[{"id":568,"href":"https:\/\/satead.org.tr\/index.php?rest_route=\/wp\/v2\/pages\/481\/revisions\/568"}],"wp:attachment":[{"href":"https:\/\/satead.org.tr\/index.php?rest_route=%2Fwp%2Fv2%2Fmedia&parent=481"}],"curies":[{"name":"wp","href":"https:\/\/api.w.org\/{rel}","templated":true}]}}