{"id":46,"date":"2019-11-04T10:30:18","date_gmt":"2019-11-04T07:30:18","guid":{"rendered":"http:\/\/satead.org.tr\/?page_id=46"},"modified":"2026-02-26T16:13:02","modified_gmt":"2026-02-26T13:13:02","slug":"uyelerimiz","status":"publish","type":"page","link":"https:\/\/satead.org.tr\/?page_id=46","title":{"rendered":"\u00dcyelerimiz"},"content":{"rendered":"\n<figure class=\"wp-block-table is-style-stripes\"><table><tbody><tr><td>A\u00c7ELYA BET\u00dcL G\u00d6N\u00dcLL\u00dc<\/td><\/tr><tr><td>AGAH BARI\u015e CAN AKSAKAL<\/td><\/tr><tr><td>AHMET SERKAN ECE<\/td><\/tr><tr><td>AHMET \u015eEF\u0130K G\u00dcNG\u00d6R<\/td><\/tr><tr><td>ALEV FATO\u015e PARSA<\/td><\/tr><tr><td>AL\u0130 KAAN ALTAN<\/td><\/tr><tr><td>AL\u0130 ATIF POLAT<\/td><\/tr><tr><td>AL\u0130 YAVUZ<\/td><\/tr><tr><td>AL\u0130 OSMAN ALAKU\u015e<\/td><\/tr><tr><td>ALPER B\u00d6REKC\u0130<\/td><\/tr><tr><td>ALPER \u015eAKALAR<\/td><\/tr><tr><td>ALPER TUNGA \u00d6ZCAN<\/td><\/tr><tr><td>AM\u0130NE REF\u0130KA<\/td><\/tr><tr><td>ANIL ERTOK<\/td><\/tr><tr><td>ARDAHAN TORUK<\/td><\/tr><tr><td>AR\u0130F CAN G\u00dcNG\u00d6R<\/td><\/tr><tr><td>ASIM TOPAKLI<\/td><\/tr><tr><td>ASLIHAN ERUZUN \u00d6ZEL<\/td><\/tr><tr><td>ATT\u0130LA D\u00d6L<\/td><\/tr><tr><td>AV\u015eAR YENG\u0130N<\/td><\/tr><tr><td>AY\u00c7A U\u011eUR<\/td><\/tr><tr><td>AYG\u00dcL AYKUT<\/td><\/tr><tr><td>AYG\u00dcN D\u0130N\u00c7ER KIRCA<\/td><\/tr><tr><td>AYLA ULUDERE<\/td><\/tr><tr><td>AY\u015eE BAHAR POLAT<\/td><\/tr><tr><td>AY\u015eE G\u00dcLER<\/td><\/tr><tr><td>AY\u015eE KUR\u015eUNCU AYDO\u011eU<\/td><\/tr><tr><td>AY\u015eEG\u00dcL DAMLA Y\u00dcCEBA\u015e<\/td><\/tr><tr><td>BAHADIR \u00c7OKAMAY<\/td><\/tr><tr><td>BAHAR SARIBO\u011eA<\/td><\/tr><tr><td>BANU SEL\u0130N A\u015eAN<\/td><\/tr><tr><td>BARBAROS AND\u0130\u00c7<\/td><\/tr><tr><td>BA\u015eAR ZEREN<\/td><\/tr><tr><td>BERNA KURT KEMALO\u011eLU<\/td><\/tr><tr><td>BET\u00dcL \u00c7O\u015eKUN \u00c7EL\u0130K<\/td><\/tr><tr><td>BEYHAN PAMUK<\/td><\/tr><tr><td>B\u0130RSEN \u00c7\u0130LERO\u011eLU<\/td><\/tr><tr><td>BUKET ACART\u00dcRK<\/td><\/tr><tr><td>BURAK DERV\u0130\u015eO\u011eLU<\/td><\/tr><tr><td>B\u00dcLENT KURT\u0130\u015eO\u011eLU<\/td><\/tr><tr><td>B\u00dcLENT SEZG\u0130N<\/td><\/tr><tr><td>B\u00dcNYAM\u0130 \u00d6ZG\u00dcLTEK\u0130N<\/td><\/tr><tr><td>B\u00dcNYAM\u0130N AYDEM\u0130R<\/td><\/tr><tr><td>CAN D\u0130KER<\/td><\/tr><tr><td>CEM \u00c7INAR<\/td><\/tr><tr><td>CEMAL YURGA<\/td><\/tr><tr><td>CENG\u0130Z \u015eENG\u00dcL<\/td><\/tr><tr><td>CEREN HEPY\u00dcCEL<\/td><\/tr><tr><td>CEYDA ERG\u0130N<\/td><\/tr><tr><td>CEYLA GAN\u0130O\u011eLU YAL\u00c7IN<\/td><\/tr><tr><td>\u00c7A\u011eLA TULUK\u00c7U ARKMAN<\/td><\/tr><tr><td>\u00c7ET\u0130N ERGAND<\/td><\/tr><tr><td>\u00c7\u0130\u011eDEM \u0130Y\u0130C\u0130L<\/td><\/tr><tr><td>DAMLA \u0130\u015eB\u0130LEN<\/td><\/tr><tr><td>DERYA \u00c7EL\u0130K<\/td><\/tr><tr><td>D\u0130DEM ERM\u0130\u015e<\/td><\/tr><tr><td>D\u0130LEK YURT<\/td><\/tr><tr><td>D\u0130LEK ZERENLER<\/td><\/tr><tr><td>EBRU ARACI<\/td><\/tr><tr><td>ECE \u00d6Z\u0130NAN<\/td><\/tr><tr><td>EL\u0130F BA\u015e \u0130Y\u0130BOZKURT<\/td><\/tr><tr><td>EL\u0130F \u00c7EL\u0130K ERDA\u011eI<\/td><\/tr><tr><td>EL\u0130F \u00c7\u0130MEN<\/td><\/tr><tr><td>EMEL G\u00dcRAY<\/td><\/tr><tr><td>EM\u0130NE YILDIZ DOYRAN<\/td><\/tr><tr><td>EMRAH U\u00c7AR<\/td><\/tr><tr><td>ENVER METE ASLAN<\/td><\/tr><tr><td>EROL YILDIR<\/td><\/tr><tr><td>ESRA DALKIRAN<\/td><\/tr><tr><td>EVANGEL\u0130A \u015eARLAK<\/td><\/tr><tr><td>FATMA G\u00dcRSOY<\/td><\/tr><tr><td>FATMA N\u0130HAN \u015eEN<\/td><\/tr><tr><td>FATMA \u00d6ZT\u00dcRK<\/td><\/tr><tr><td>FATMA REF\u0130KA TARCAN<\/td><\/tr><tr><td>FATMA YELDA GEZ\u0130C\u0130O\u011eLU<\/td><\/tr><tr><td>F\u0130KR\u0130 SALMAN<\/td><\/tr><tr><td>F\u0130L\u0130Z NURHAN \u00d6LMEZ<\/td><\/tr><tr><td>F\u0130L\u0130Z YILDIZ<\/td><\/tr><tr><td>G\u0130ZEM Y\u00dcKSELER<\/td><\/tr><tr><td>G\u00d6K\u00c7E S\u00d6NMEM\u0130\u015e<\/td><\/tr><tr><td>G\u00d6KHAN \u00d6ZDEM\u0130R<\/td><\/tr><tr><td>G\u00dcLVEL\u0130 KAYA<\/td><\/tr><tr><td>G\u00dcNAY ATALAYER<\/td><\/tr><tr><td>G\u00dcNSU YILMA \u015eAKALAR<\/td><\/tr><tr><td>G\u00dcRHAN ELMALIO\u011eLU<\/td><\/tr><tr><td>HAMD\u0130 \u00dcNAL<\/td><\/tr><tr><td>HANDAN DAYI<\/td><\/tr><tr><td>HASAN ASAN<\/td><\/tr><tr><td>HASAN BA\u015eKIRKAN<\/td><\/tr><tr><td>HASAN TEK\u0130NALP G\u00dcREKEN<\/td><\/tr><tr><td>HASAN HAKAN OKAY<\/td><\/tr><tr><td>HAVVA MERYEM \u0130MRE<\/td><\/tr><tr><td>I\u015eINSU ERSAN \u00d6ZT\u00dcRK<\/td><\/tr><tr><td>\u0130NC\u0130LAY YURDAKUL<\/td><\/tr><tr><td>\u0130REM ARIKAN EK\u015e\u0130<\/td><\/tr><tr><td>\u0130RFAN KARADUMAN<\/td><\/tr><tr><td>JAKL\u0130N \u00c7ARK\u00c7I<\/td><\/tr><tr><td>KADER S\u00dcRMEL\u0130<\/td><\/tr><tr><td>KADR\u0130 YILMAZ ERDAL<\/td><\/tr><tr><td>KENAN SAAT\u00c7IO\u011eLU<\/td><\/tr><tr><td>KEREM CENK YILMAZ<\/td><\/tr><tr><td>KEVSER G\u00dcRCAN<\/td><\/tr><tr><td>KIVAN\u00c7 AYCAN<\/td><\/tr><tr><td>LEVENT MERC\u0130N<\/td><\/tr><tr><td>LEYLA AKSOY G\u00dcLEN<\/td><\/tr><tr><td>MEHMET ARSLANBO\u011eA<\/td><\/tr><tr><td>MEHMET CAN \u00c7\u0130FT\u00c7\u0130BA\u015eI<\/td><\/tr><tr><td>MEHMET FAT\u0130H KARAG\u00dcL<\/td><\/tr><tr><td>MEHMET YILMAZ<\/td><\/tr><tr><td>MEHTAP B\u0130NG\u00d6L<\/td><\/tr><tr><td>MEL\u0130HAT T\u00dcZ\u00dcN<\/td><\/tr><tr><td>MEL\u0130K ERTU\u011eRUL BAYRAKTARKATAL<\/td><\/tr><tr><td>MENEK\u015eE SAKARYA<\/td><\/tr><tr><td>MESUDE H\u00dcLYA DO\u011eRU<\/td><\/tr><tr><td>MESUT BATUHAN \u00c7ANKIR<\/td><\/tr><tr><td>MESUT ERDEM \u00c7\u00d6LO\u011eLU<\/td><\/tr><tr><td>MEZ\u0130YET AY\u015eE BALYEMEZ<\/td><\/tr><tr><td>MUAZZEZ \u00c7AKIR AYDIN<\/td><\/tr><tr><td>MUHAMMET HAN\u0130F\u0130 KERVANCIO\u011eLU<\/td><\/tr><tr><td>MURAT BENAN YILDIZ<\/td><\/tr><tr><td>MUSTAFA BULAT<\/td><\/tr><tr><td>MUSTAFA GEN\u00c7<\/td><\/tr><tr><td>MUSTAFA KINIK<\/td><\/tr><tr><td>MUSTAFA SUYOLCU<\/td><\/tr><tr><td>MUZAFFER SONER YILMAZ<\/td><\/tr><tr><td>M\u00dcJGAN YILDIRIM<\/td><\/tr><tr><td>M\u00dc\u015eERREF \u00d6ZT\u00dcRK \u00c7ET\u0130NDO\u011eAN<\/td><\/tr><tr><td>NA\u0130ME D\u0130DEM \u00d6Z<\/td><\/tr><tr><td>NALAN B\u00dcKER<\/td><\/tr><tr><td>NATALYA KIRCA<\/td><\/tr><tr><td>NAZ\u0130FE OYA LEVENDO\u011eLU<\/td><\/tr><tr><td>NERM\u0130N SARAL<\/td><\/tr><tr><td>NESL\u0130HAN \u00d6P\u00d6Z<\/td><\/tr><tr><td>NESR\u0130N T\u00dcRKMEN<\/td><\/tr><tr><td>N\u0130GAR P\u00d6STEK\u0130<\/td><\/tr><tr><td>N\u0130HAT SEZER SABAHAT<\/td><\/tr><tr><td>N\u0130LG\u00dcN SAZAK<\/td><\/tr><tr><td>NURAY BIYIKLI<\/td><\/tr><tr><td>NURAY G\u00dcM\u00dc\u015eTEK\u0130N<\/td><\/tr><tr><td>NURG\u00dcL KILIN\u00c7<\/td><\/tr><tr><td>NUR\u0130YE N\u0130HAL KAFALI<\/td><\/tr><tr><td>NURSAN KORUCU TA\u015eOVA<\/td><\/tr><tr><td>O\u011eUZ \u015eENT\u00dcRK<\/td><\/tr><tr><td>OSMAN HAL\u0130L \u0130M\u0130K<\/td><\/tr><tr><td>OSMAN T\u00dcREV BERK\u0130<\/td><\/tr><tr><td>\u00d6NDER TERZ\u0130<\/td><\/tr><tr><td>\u00d6ZER KANBURO\u011eLU<\/td><\/tr><tr><td>\u00d6ZLEM BELKIS<\/td><\/tr><tr><td>\u00d6ZLEM HAB\u0130BE MUTAF B\u00dcY\u00dcKARMAN<\/td><\/tr><tr><td>\u00d6ZNUR I\u015eIR<\/td><\/tr><tr><td>PEL\u0130N \u00d6ZT\u00dcRK G\u00d6\u00c7MEN<\/td><\/tr><tr><td>PINAR G\u00d6KL\u00dcBERK \u00d6ZL\u00dc<\/td><\/tr><tr><td>PINAR KALKAVAN<\/td><\/tr><tr><td>R\u0130FAT HAKAN ERTEP<\/td><\/tr><tr><td>SAL\u0130HA A\u011eA\u00c7<\/td><\/tr><tr><td>SAM\u0130 \u00c7\u00d6TEL\u0130<\/td><\/tr><tr><td>SATI DO\u011eANY\u0130\u011e\u0130T<\/td><\/tr><tr><td>SE\u00c7K\u0130N AYDIN<\/td><\/tr><tr><td>SEDA \u00c7\u0130L\u0130NG\u0130R<\/td><\/tr><tr><td>SEDA NUR ATASOY<\/td><\/tr><tr><td>SEDEF ACAR<\/td><\/tr><tr><td>SEHER \u015eEYLAN<\/td><\/tr><tr><td>SEJDA \u0130NAL YILMAZ<\/td><\/tr><tr><td>SELAHATT\u0130N YILDIZ<\/td><\/tr><tr><td>SELDA G\u00dcZEL<\/td><\/tr><tr><td>SEL\u0130N OYAN<\/td><\/tr><tr><td>SEL\u0130N S\u00dcAR ORAL<\/td><\/tr><tr><td>SELV\u0130HAN KILI\u00c7 ATE\u015e<\/td><\/tr><tr><td>SEMA ERKAN<\/td><\/tr><tr><td>SEM\u0130H B\u00dcY\u00dcKKOL<\/td><\/tr><tr><td>SERCAN \u00d6Z\u0130NAN<\/td><\/tr><tr><td>SERVET SENEM U\u011eURLU<\/td><\/tr><tr><td>SEV\u0130M AYD\u0130N\u00c7 B\u00d6LAT<\/td><\/tr><tr><td>SEV\u0130M TU\u011eBA ARABALI KO\u015eAR<\/td><\/tr><tr><td>S\u0130NAN AV\u0130NAL<\/td><\/tr><tr><td>S\u0130NEM BUDUN G\u00dcLAS<\/td><\/tr><tr><td>S\u00dcEDA \u015eATIR TORUK<\/td><\/tr><tr><td>S\u00dcREYYA TEMEL<\/td><\/tr><tr><td>\u015eEBNEM \u00dcNAL<\/td><\/tr><tr><td>\u015eENG\u00dcL EROL<\/td><\/tr><tr><td>\u015e\u0130R\u0130N \u015eENGEL<\/td><\/tr><tr><td>T\u0130MUR B\u0130L\u0130R<\/td><\/tr><tr><td>TURAN SA\u011eER<\/td><\/tr><tr><td>U\u011eUR T\u00dcRKMEN<\/td><\/tr><tr><td>ULA\u015e RIFAT AKYEL<\/td><\/tr><tr><td>\u00dcLK\u00dc \u015eAH\u0130N<\/td><\/tr><tr><td>VEC\u0130HE \u00d6ZGE ZEREN<\/td><\/tr><tr><td>YILDIZ G\u00dcNER<\/td><\/tr><tr><td>Y\u00dcKSEL \u015eAH\u0130N<\/td><\/tr><tr><td>ZEHRA S\u00d6ZB\u0130R K\u00d6YL\u00dc<\/td><\/tr><tr><td>ZEK\u0130 NACAKCI<\/td><\/tr><\/tbody><\/table><\/figure>\n","protected":false},"excerpt":{"rendered":"<p>A\u00c7ELYA BET\u00dcL G\u00d6N\u00dcLL\u00dc AGAH BARI\u015e CAN AKSAKAL AHMET SERKAN ECE AHMET \u015eEF\u0130K G\u00dcNG\u00d6R ALEV FATO\u015e<\/p>\n","protected":false},"author":1,"featured_media":0,"parent":0,"menu_order":0,"comment_status":"closed","ping_status":"closed","template":"","meta":[],"_links":{"self":[{"href":"https:\/\/satead.org.tr\/index.php?rest_route=\/wp\/v2\/pages\/46"}],"collection":[{"href":"https:\/\/satead.org.tr\/index.php?rest_route=\/wp\/v2\/pages"}],"about":[{"href":"https:\/\/satead.org.tr\/index.php?rest_route=\/wp\/v2\/types\/page"}],"author":[{"embeddable":true,"href":"https:\/\/satead.org.tr\/index.php?rest_route=\/wp\/v2\/users\/1"}],"replies":[{"embeddable":true,"href":"https:\/\/satead.org.tr\/index.php?rest_route=%2Fwp%2Fv2%2Fcomments&post=46"}],"version-history":[{"count":28,"href":"https:\/\/satead.org.tr\/index.php?rest_route=\/wp\/v2\/pages\/46\/revisions"}],"predecessor-version":[{"id":708,"href":"https:\/\/satead.org.tr\/index.php?rest_route=\/wp\/v2\/pages\/46\/revisions\/708"}],"wp:attachment":[{"href":"https:\/\/satead.org.tr\/index.php?rest_route=%2Fwp%2Fv2%2Fmedia&parent=46"}],"curies":[{"name":"wp","href":"https:\/\/api.w.org\/{rel}","templated":true}]}}