{"id":42,"date":"2019-11-04T10:30:18","date_gmt":"2019-11-04T07:30:18","guid":{"rendered":"http:\/\/satead.org.tr\/?page_id=42"},"modified":"2019-11-05T10:52:48","modified_gmt":"2019-11-05T07:52:48","slug":"misyon","status":"publish","type":"page","link":"https:\/\/satead.org.tr\/?page_id=42","title":{"rendered":"Misyon"},"content":{"rendered":"\n<p class=\"has-normal-font-size\"><strong>Sanat ve tasar\u0131m alanlar\u0131ndaki e\u011fitim programlar\u0131 i\u00e7in akreditasyon, de\u011ferlendirme ve bilgilendirme \u00e7al\u0131\u015fmalar\u0131 yaparak, T\u00fcrkiye\u2019deki e\u011fitimin kalite ve seviyesinin artmas\u0131na katk\u0131 sa\u011flamakt\u0131r. Derne\u011fin bu ama\u00e7taki misyonu; sanat ve tasar\u0131m alanlar\u0131nda bilgi ve geli\u015fmeleri kavrayabilen, sanatsal \u00e7\u0131kt\u0131lar\u0131 toplumun yarar\u0131na kullanabilen, daha nitelikli ve donan\u0131ml\u0131 sanat\u00e7\u0131lar yeti\u015ftirerek, hem toplumun bilin\u00e7lendirilmesini hem de sanat g\u00f6r\u00fc\u015f\u00fcn\u00fc ileriye ta\u015f\u0131mas\u0131n\u0131 sa\u011flamakt\u0131r.<\/strong><\/p>\n","protected":false},"excerpt":{"rendered":"<p>Sanat ve tasar\u0131m alanlar\u0131ndaki e\u011fitim programlar\u0131 i\u00e7in akreditasyon, de\u011ferlendirme ve bilgilendirme \u00e7al\u0131\u015fmalar\u0131 yaparak, T\u00fcrkiye\u2019deki e\u011fitimin<\/p>\n","protected":false},"author":1,"featured_media":0,"parent":0,"menu_order":0,"comment_status":"closed","ping_status":"closed","template":"","meta":[],"_links":{"self":[{"href":"https:\/\/satead.org.tr\/index.php?rest_route=\/wp\/v2\/pages\/42"}],"collection":[{"href":"https:\/\/satead.org.tr\/index.php?rest_route=\/wp\/v2\/pages"}],"about":[{"href":"https:\/\/satead.org.tr\/index.php?rest_route=\/wp\/v2\/types\/page"}],"author":[{"embeddable":true,"href":"https:\/\/satead.org.tr\/index.php?rest_route=\/wp\/v2\/users\/1"}],"replies":[{"embeddable":true,"href":"https:\/\/satead.org.tr\/index.php?rest_route=%2Fwp%2Fv2%2Fcomments&post=42"}],"version-history":[{"count":8,"href":"https:\/\/satead.org.tr\/index.php?rest_route=\/wp\/v2\/pages\/42\/revisions"}],"predecessor-version":[{"id":159,"href":"https:\/\/satead.org.tr\/index.php?rest_route=\/wp\/v2\/pages\/42\/revisions\/159"}],"wp:attachment":[{"href":"https:\/\/satead.org.tr\/index.php?rest_route=%2Fwp%2Fv2%2Fmedia&parent=42"}],"curies":[{"name":"wp","href":"https:\/\/api.w.org\/{rel}","templated":true}]}}