{"id":219,"date":"2021-03-01T11:08:38","date_gmt":"2021-03-01T08:08:38","guid":{"rendered":"http:\/\/satead.org.tr\/?page_id=219"},"modified":"2026-03-18T10:03:17","modified_gmt":"2026-03-18T07:03:17","slug":"yonergeler","status":"publish","type":"page","link":"https:\/\/satead.org.tr\/?page_id=219","title":{"rendered":"Y\u00f6nergeler"},"content":{"rendered":"\n<ul><li><a rel=\"noreferrer noopener\" aria-label=\"SATEAD De\u011ferlendirici Aday\u0131 Belirleme Komitesi (DABK) Y\u00f6nergesi (yeni sekmede a\u00e7\u0131l\u0131r)\" href=\"http:\/\/satead.org.tr\/wp-content\/uploads\/2021\/03\/SATEAD-De\u011ferlendirici-Aday\u0131-Belirleme-Komitesi-DABK-Y\u00f6nergesi.pdf\" target=\"_blank\"><\/a><strong><a rel=\"noreferrer noopener\" href=\"http:\/\/satead.org.tr\/wp-content\/uploads\/2025\/09\/SATEAD-Degerlendirme-Olcutlerinin-Belirlenme-Usulleri-Yonergesi.pdf\" target=\"_blank\">SATEAD De\u011ferlendirme \u00d6l\u00e7\u00fctlerinin Belirlenme Usulleri Y\u00f6nergesi<\/a><\/strong><\/li><li><strong><a href=\"http:\/\/satead.org.tr\/wp-content\/uploads\/2026\/03\/SATEAD-Degerlendirme-ve-Akreditasyon-Uygulama-Esaslari-Yonergesi-Versiyon-1.3.pdf\" target=\"_blank\" rel=\"noreferrer noopener\">SATEAD De\u011ferlendirme ve Akreditasyon Uygulama Esaslar\u0131 Y\u00f6nergesi Versiyon 1.3.<\/a><\/strong><\/li><li><a rel=\"noreferrer noopener\" aria-label=\"SATEAD E\u011fitim Komisyonu Y\u00f6nergesi (yeni sekmede a\u00e7\u0131l\u0131r)\" href=\"http:\/\/satead.org.tr\/wp-content\/uploads\/2021\/03\/SATEAD-E\u011fitim-Komisyonu-Y\u00f6nergesi.pdf\" target=\"_blank\"><\/a><strong><a rel=\"noreferrer noopener\" href=\"http:\/\/satead.org.tr\/wp-content\/uploads\/2025\/09\/SATEAD-Degerlendirici-Adayi-Belirleme-Komitesi-DAPK-Yonergesi-Versiyon-1.2..pdf\" target=\"_blank\">SATEAD De\u011ferlendirici Aday\u0131 Belirleme Komitesi (DAPK) Y\u00f6nergesi Versiyon 1.2.<\/a><\/strong><\/li><li><a rel=\"noreferrer noopener\" aria-label=\"SATEAD Tutarl\u0131l\u0131k Y\u00f6nergesi (yeni sekmede a\u00e7\u0131l\u0131r)\" href=\"http:\/\/satead.org.tr\/wp-content\/uploads\/2021\/03\/SATEAD-Tutarl\u0131l\u0131k-Y\u00f6nergesi.pdf\" target=\"_blank\"><\/a><strong><a rel=\"noreferrer noopener\" href=\"http:\/\/satead.org.tr\/wp-content\/uploads\/2025\/09\/SATEAD-Tutarlilik-Yonergesi-Versiyon-1.2..pdf\" target=\"_blank\">SATEAD Tutarl\u0131l\u0131k Y\u00f6nergesi Versiyon 1.2.<\/a><\/strong><\/li><li><a rel=\"noreferrer noopener\" aria-label=\"SATEAD Ar\u015fivleme Y\u00f6nergesi (yeni sekmede a\u00e7\u0131l\u0131r)\" href=\"http:\/\/satead.org.tr\/wp-content\/uploads\/2021\/03\/SATEAD-Arsivleme-Yonergesi.pdf\" target=\"_blank\"><\/a><strong><a rel=\"noreferrer noopener\" href=\"http:\/\/satead.org.tr\/wp-content\/uploads\/2025\/09\/SATEAD-Surekli-Iyilestirme-Komitesi-Yonergesi.pdf\" target=\"_blank\">SATEAD S\u00fcrekli \u0130yile\u015ftirme Komitesi Y\u00f6nergesi<\/a><\/strong><\/li><li><a rel=\"noreferrer noopener\" href=\"http:\/\/satead.org.tr\/wp-content\/uploads\/2025\/09\/SATEAD-Egitim-Komitesi-Yonergesi-Versiyon-1.2..pdf\" target=\"_blank\"><strong>S<\/strong><\/a><strong><a rel=\"noreferrer noopener\" href=\"http:\/\/satead.org.tr\/wp-content\/uploads\/2025\/09\/SATEAD-Egitim-Komitesi-Yonergesi-Versiyon-1.2..pdf\" target=\"_blank\">ATEAD E\u011fitim Komitesi Y\u00f6nergesi Versiyon 1.2.<\/a><\/strong><\/li><li><strong><a rel=\"noreferrer noopener\" href=\"http:\/\/satead.org.tr\/wp-content\/uploads\/2025\/09\/SATEAD-Arsivleme-Yonergesi-Versiyon-1.2..pdf\" target=\"_blank\">SATEAD Ar\u015fivleme Y\u00f6nergesi Versiyon 1.2.<\/a><\/strong><\/li><\/ul>\n\n\n\n<p><\/p>\n","protected":false},"excerpt":{"rendered":"<p>SATEAD De\u011ferlendirme \u00d6l\u00e7\u00fctlerinin Belirlenme Usulleri Y\u00f6nergesi SATEAD De\u011ferlendirme ve Akreditasyon Uygulama Esaslar\u0131 Y\u00f6nergesi Versiyon 1.3.<\/p>\n","protected":false},"author":1,"featured_media":0,"parent":0,"menu_order":0,"comment_status":"closed","ping_status":"closed","template":"","meta":[],"_links":{"self":[{"href":"https:\/\/satead.org.tr\/index.php?rest_route=\/wp\/v2\/pages\/219"}],"collection":[{"href":"https:\/\/satead.org.tr\/index.php?rest_route=\/wp\/v2\/pages"}],"about":[{"href":"https:\/\/satead.org.tr\/index.php?rest_route=\/wp\/v2\/types\/page"}],"author":[{"embeddable":true,"href":"https:\/\/satead.org.tr\/index.php?rest_route=\/wp\/v2\/users\/1"}],"replies":[{"embeddable":true,"href":"https:\/\/satead.org.tr\/index.php?rest_route=%2Fwp%2Fv2%2Fcomments&post=219"}],"version-history":[{"count":15,"href":"https:\/\/satead.org.tr\/index.php?rest_route=\/wp\/v2\/pages\/219\/revisions"}],"predecessor-version":[{"id":730,"href":"https:\/\/satead.org.tr\/index.php?rest_route=\/wp\/v2\/pages\/219\/revisions\/730"}],"wp:attachment":[{"href":"https:\/\/satead.org.tr\/index.php?rest_route=%2Fwp%2Fv2%2Fmedia&parent=219"}],"curies":[{"name":"wp","href":"https:\/\/api.w.org\/{rel}","templated":true}]}}