{"id":676,"date":"2026-02-26T12:13:18","date_gmt":"2026-02-26T09:13:18","guid":{"rendered":"https:\/\/satead.org.tr\/?page_id=676"},"modified":"2026-02-26T12:20:29","modified_gmt":"2026-02-26T09:20:29","slug":"satead-akreditasyon-sureci-akis-semasi","status":"publish","type":"page","link":"http:\/\/satead.org.tr\/?page_id=676","title":{"rendered":"SATEAD Akreditasyon S\u00fcreci Ak\u0131\u015f \u015eemas\u0131"},"content":{"rendered":"\n<ul><li><strong><a href=\"http:\/\/satead.org.tr\/wp-content\/uploads\/2026\/02\/SATEAD-Akreditasyon-Sureci-Akis-Semasi.pdf\" target=\"_blank\" rel=\"noreferrer noopener\">SATEAD Akreditasyon S\u00fcreci Ak\u0131\u015f \u015eemas\u0131<\/a><\/strong><\/li><\/ul>\n","protected":false},"excerpt":{"rendered":"<p>SATEAD Akreditasyon S\u00fcreci Ak\u0131\u015f \u015eemas\u0131<\/p>\n","protected":false},"author":1,"featured_media":0,"parent":0,"menu_order":0,"comment_status":"closed","ping_status":"closed","template":"","meta":[],"_links":{"self":[{"href":"http:\/\/satead.org.tr\/index.php?rest_route=\/wp\/v2\/pages\/676"}],"collection":[{"href":"http:\/\/satead.org.tr\/index.php?rest_route=\/wp\/v2\/pages"}],"about":[{"href":"http:\/\/satead.org.tr\/index.php?rest_route=\/wp\/v2\/types\/page"}],"author":[{"embeddable":true,"href":"http:\/\/satead.org.tr\/index.php?rest_route=\/wp\/v2\/users\/1"}],"replies":[{"embeddable":true,"href":"http:\/\/satead.org.tr\/index.php?rest_route=%2Fwp%2Fv2%2Fcomments&post=676"}],"version-history":[{"count":2,"href":"http:\/\/satead.org.tr\/index.php?rest_route=\/wp\/v2\/pages\/676\/revisions"}],"predecessor-version":[{"id":693,"href":"http:\/\/satead.org.tr\/index.php?rest_route=\/wp\/v2\/pages\/676\/revisions\/693"}],"wp:attachment":[{"href":"http:\/\/satead.org.tr\/index.php?rest_route=%2Fwp%2Fv2%2Fmedia&parent=676"}],"curies":[{"name":"wp","href":"https:\/\/api.w.org\/{rel}","templated":true}]}}