{"id":648,"date":"2026-02-26T11:47:55","date_gmt":"2026-02-26T08:47:55","guid":{"rendered":"https:\/\/satead.org.tr\/?page_id=648"},"modified":"2026-03-18T10:01:00","modified_gmt":"2026-03-18T07:01:00","slug":"formlar-raporlar-ve-kilavuzlar","status":"publish","type":"page","link":"http:\/\/satead.org.tr\/?page_id=648","title":{"rendered":"Formlar, Raporlar ve K\u0131lavuzlar"},"content":{"rendered":"\n<ul><li><strong><a rel=\"noreferrer noopener\" href=\"http:\/\/satead.org.tr\/wp-content\/uploads\/2025\/09\/Ozdegerlendirme-Raporu-Hazirlarken-Dikkat-Edilmesi-Gereken-Konular.pdf\" target=\"_blank\">\u00d6zde\u011ferlendirme Raporu Haz\u0131rlarken Dikkat Edilmesi Gereken Konular<\/a><\/strong><\/li><li><strong><a href=\"http:\/\/satead.org.tr\/wp-content\/uploads\/2026\/03\/SAK-Ozdegerlendirme-Raporu-ODR-PDF.pdf\" target=\"_blank\" rel=\"noreferrer noopener\">\u00d6zde\u011ferlendirme Raporu\u00a0(\u00d6DR) PDF<\/a><\/strong><\/li><li><strong><a href=\"https:\/\/satead.org.tr\/wp-content\/uploads\/2026\/03\/SAK-Ozdegerlendirme-Raporu-ODR-WORD.docx\" target=\"_blank\" rel=\"noreferrer noopener\">\u00d6zde\u011ferlendirme Raporu\u00a0(\u00d6DR) WORD<\/a><\/strong><\/li><li><strong><a href=\"http:\/\/satead.org.tr\/wp-content\/uploads\/2025\/09\/PROGRAM-DEGERLENDIRICISI-RAPORU-PDR.pdf\">Progr<\/a><a rel=\"noreferrer noopener\" href=\"http:\/\/satead.org.tr\/wp-content\/uploads\/2025\/08\/PROGRAM-DEGERLENDIRICISI-RAPORU-PDR.pdf\" target=\"_blank\">am De\u011ferlendiricisi Raporu<\/a><\/strong><\/li><li><strong><a rel=\"noreferrer noopener\" href=\"http:\/\/satead.org.tr\/wp-content\/uploads\/2025\/09\/SAK-Degerlendirme-Kilavuzu.pdf\" target=\"_blank\">SAK De\u011ferlendirme K\u0131lavuzu<\/a><\/strong><\/li><li><strong><a rel=\"noreferrer noopener\" href=\"http:\/\/satead.org.tr\/wp-content\/uploads\/2025\/12\/SATEAD-AVRUPA-STANDARTLARI-VE-ILKELERINE-ESG-UYUMLULUK-ODEGERLENDIRME-RAPORU.pdf\" target=\"_blank\">SATEAD Avrupa Standartlar\u0131 ve \u0130lkelerine (ESG) Uyumluluk \u00d6z De\u011ferlendirme Raporu<\/a><\/strong><\/li><li><strong><a rel=\"noreferrer noopener\" href=\"http:\/\/satead.org.tr\/wp-content\/uploads\/2025\/09\/SATEAD-Etik-Kurallar-Versiyon-1.2..pdf\" target=\"_blank\">SATEAD Etik Kurallar Versiyon 1.2.<\/a><\/strong><\/li><li><strong><a rel=\"noreferrer noopener\" href=\"http:\/\/satead.org.tr\/wp-content\/uploads\/2025\/09\/Uzaktan-Program-Degerlendirme-Kilavuzu.pdf\" target=\"_blank\">Uzaktan Program De\u011ferlendirme K\u0131lavuzu<\/a><\/strong><\/li><\/ul>\n\n\n\n<p><\/p>\n","protected":false},"excerpt":{"rendered":"<p>\u00d6zde\u011ferlendirme Raporu Haz\u0131rlarken Dikkat Edilmesi Gereken Konular \u00d6zde\u011ferlendirme Raporu\u00a0(\u00d6DR) PDF \u00d6zde\u011ferlendirme Raporu\u00a0(\u00d6DR) WORD Program De\u011ferlendiricisi<\/p>\n","protected":false},"author":1,"featured_media":0,"parent":0,"menu_order":0,"comment_status":"closed","ping_status":"closed","template":"","meta":[],"_links":{"self":[{"href":"http:\/\/satead.org.tr\/index.php?rest_route=\/wp\/v2\/pages\/648"}],"collection":[{"href":"http:\/\/satead.org.tr\/index.php?rest_route=\/wp\/v2\/pages"}],"about":[{"href":"http:\/\/satead.org.tr\/index.php?rest_route=\/wp\/v2\/types\/page"}],"author":[{"embeddable":true,"href":"http:\/\/satead.org.tr\/index.php?rest_route=\/wp\/v2\/users\/1"}],"replies":[{"embeddable":true,"href":"http:\/\/satead.org.tr\/index.php?rest_route=%2Fwp%2Fv2%2Fcomments&post=648"}],"version-history":[{"count":3,"href":"http:\/\/satead.org.tr\/index.php?rest_route=\/wp\/v2\/pages\/648\/revisions"}],"predecessor-version":[{"id":726,"href":"http:\/\/satead.org.tr\/index.php?rest_route=\/wp\/v2\/pages\/648\/revisions\/726"}],"wp:attachment":[{"href":"http:\/\/satead.org.tr\/index.php?rest_route=%2Fwp%2Fv2%2Fmedia&parent=648"}],"curies":[{"name":"wp","href":"https:\/\/api.w.org\/{rel}","templated":true}]}}