{"id":646,"date":"2026-02-26T11:47:20","date_gmt":"2026-02-26T08:47:20","guid":{"rendered":"https:\/\/satead.org.tr\/?page_id=646"},"modified":"2026-03-18T10:02:10","modified_gmt":"2026-03-18T07:02:10","slug":"olcutler","status":"publish","type":"page","link":"http:\/\/satead.org.tr\/?page_id=646","title":{"rendered":"\u00d6l\u00e7\u00fctler"},"content":{"rendered":"\n<ul><li><strong><a href=\"http:\/\/satead.org.tr\/wp-content\/uploads\/2026\/03\/Sanat-ve-Tasarim-Akreditasyon-Kurulu-Degerlendirme-Olcutleri-Surum-1.0.pdf\" target=\"_blank\" rel=\"noreferrer noopener\">Sanat ve Tasar\u0131m Akreditasyon Kurulu De\u011ferlendirme \u00d6l\u00e7\u00fctleri (S\u00fcr\u00fcm 1.0)<\/a><\/strong><\/li><li><strong><a href=\"http:\/\/satead.org.tr\/wp-content\/uploads\/2026\/02\/SANAT-VE-TASARIM-PROGRAMLARINA-OZGU-OGRETIM-KAZANIMLARI.pdf\">Sanat ve Tasar\u0131m Programlar\u0131na \u00d6zg\u00fc \u00d6\u011fretim Kazan\u0131mlar\u0131 (S\u00fcr\u00fcm 1.1).<\/a><\/strong><\/li><\/ul>\n","protected":false},"excerpt":{"rendered":"<p>Sanat ve Tasar\u0131m Akreditasyon Kurulu De\u011ferlendirme \u00d6l\u00e7\u00fctleri (S\u00fcr\u00fcm 1.0) Sanat ve Tasar\u0131m Programlar\u0131na \u00d6zg\u00fc \u00d6\u011fretim<\/p>\n","protected":false},"author":1,"featured_media":0,"parent":0,"menu_order":0,"comment_status":"closed","ping_status":"closed","template":"","meta":[],"_links":{"self":[{"href":"http:\/\/satead.org.tr\/index.php?rest_route=\/wp\/v2\/pages\/646"}],"collection":[{"href":"http:\/\/satead.org.tr\/index.php?rest_route=\/wp\/v2\/pages"}],"about":[{"href":"http:\/\/satead.org.tr\/index.php?rest_route=\/wp\/v2\/types\/page"}],"author":[{"embeddable":true,"href":"http:\/\/satead.org.tr\/index.php?rest_route=\/wp\/v2\/users\/1"}],"replies":[{"embeddable":true,"href":"http:\/\/satead.org.tr\/index.php?rest_route=%2Fwp%2Fv2%2Fcomments&post=646"}],"version-history":[{"count":4,"href":"http:\/\/satead.org.tr\/index.php?rest_route=\/wp\/v2\/pages\/646\/revisions"}],"predecessor-version":[{"id":728,"href":"http:\/\/satead.org.tr\/index.php?rest_route=\/wp\/v2\/pages\/646\/revisions\/728"}],"wp:attachment":[{"href":"http:\/\/satead.org.tr\/index.php?rest_route=%2Fwp%2Fv2%2Fmedia&parent=646"}],"curies":[{"name":"wp","href":"https:\/\/api.w.org\/{rel}","templated":true}]}}