{"id":458,"date":"2025-05-16T14:08:09","date_gmt":"2025-05-16T11:08:09","guid":{"rendered":"http:\/\/satead.org.tr\/?page_id=458"},"modified":"2026-02-26T11:58:42","modified_gmt":"2026-02-26T08:58:42","slug":"belgeler","status":"publish","type":"page","link":"http:\/\/satead.org.tr\/?page_id=458","title":{"rendered":"Belgeler"},"content":{"rendered":"\n<div class=\"wp-container-2 wp-block-group\"><div class=\"wp-block-group__inner-container\">\n<div class=\"wp-block-columns\">\n<div class=\"wp-block-column\" style=\"flex-basis:100%\">\n<div class=\"wp-container-1 wp-block-group\"><div class=\"wp-block-group__inner-container\">\n<div class=\"wp-block-columns\">\n<div class=\"wp-block-column\">\n<ul><li><strong><a href=\"https:\/\/satead.org.tr\/?page_id=219\">Y\u00f6nergeler<\/a><\/strong><\/li><li><strong><a href=\"https:\/\/satead.org.tr\/?page_id=646\">\u00d6l\u00e7\u00fctler<\/a><\/strong><\/li><li><strong><a href=\"https:\/\/satead.org.tr\/?page_id=648\">Formlar, Raporlar ve K\u0131lavuzlar<\/a><\/strong><\/li><\/ul>\n<\/div>\n<\/div>\n<\/div><\/div>\n<\/div>\n<\/div>\n<\/div><\/div>\n\n\n\n<p><\/p>\n","protected":false},"excerpt":{"rendered":"<p>Y\u00f6nergeler \u00d6l\u00e7\u00fctler Formlar, Raporlar ve K\u0131lavuzlar<\/p>\n","protected":false},"author":1,"featured_media":0,"parent":0,"menu_order":0,"comment_status":"closed","ping_status":"closed","template":"","meta":[],"_links":{"self":[{"href":"http:\/\/satead.org.tr\/index.php?rest_route=\/wp\/v2\/pages\/458"}],"collection":[{"href":"http:\/\/satead.org.tr\/index.php?rest_route=\/wp\/v2\/pages"}],"about":[{"href":"http:\/\/satead.org.tr\/index.php?rest_route=\/wp\/v2\/types\/page"}],"author":[{"embeddable":true,"href":"http:\/\/satead.org.tr\/index.php?rest_route=\/wp\/v2\/users\/1"}],"replies":[{"embeddable":true,"href":"http:\/\/satead.org.tr\/index.php?rest_route=%2Fwp%2Fv2%2Fcomments&post=458"}],"version-history":[{"count":22,"href":"http:\/\/satead.org.tr\/index.php?rest_route=\/wp\/v2\/pages\/458\/revisions"}],"predecessor-version":[{"id":661,"href":"http:\/\/satead.org.tr\/index.php?rest_route=\/wp\/v2\/pages\/458\/revisions\/661"}],"wp:attachment":[{"href":"http:\/\/satead.org.tr\/index.php?rest_route=%2Fwp%2Fv2%2Fmedia&parent=458"}],"curies":[{"name":"wp","href":"https:\/\/api.w.org\/{rel}","templated":true}]}}